{"id":6,"date":"2018-08-27T12:15:15","date_gmt":"2018-08-27T12:15:15","guid":{"rendered":"https:\/\/www.lvipekkaaho.fi\/index.php\/home-2\/"},"modified":"2025-10-21T08:57:20","modified_gmt":"2025-10-21T08:57:20","slug":"home-2","status":"publish","type":"page","link":"https:\/\/www.lvipekkaaho.fi\/","title":{"rendered":"Home"},"content":{"rendered":"\t\t<div data-elementor-type=\"wp-page\" data-elementor-id=\"6\" class=\"elementor elementor-6\" data-elementor-settings=\"[]\">\n\t\t\t\t\t\t\t<div class=\"elementor-section-wrap\">\n\t\t\t\t\t\t\t<section class=\"elementor-section elementor-top-section elementor-element elementor-element-6897361 elementor-section-boxed elementor-section-height-default elementor-section-height-default\" data-id=\"6897361\" data-element_type=\"section\">\n\t\t\t\t\t\t<div class=\"elementor-container elementor-column-gap-default\">\n\t\t\t\t\t<div class=\"elementor-column elementor-col-100 elementor-top-column elementor-element elementor-element-dc9cbfd\" data-id=\"dc9cbfd\" data-element_type=\"column\">\n\t\t\t<div class=\"elementor-widget-wrap\">\n\t\t\t\t\t\t\t\t\t<\/div>\n\t\t<\/div>\n\t\t\t\t\t\t\t<\/div>\n\t\t<\/section>\n\t\t\t\t<section class=\"elementor-section elementor-top-section elementor-element elementor-element-4a9dbc9 elementor-section-boxed elementor-section-height-default elementor-section-height-default\" data-id=\"4a9dbc9\" data-element_type=\"section\">\n\t\t\t\t\t\t<div class=\"elementor-container elementor-column-gap-default\">\n\t\t\t\t\t<div class=\"elementor-column elementor-col-66 elementor-top-column elementor-element elementor-element-83e3da4\" data-id=\"83e3da4\" data-element_type=\"column\">\n\t\t\t<div class=\"elementor-widget-wrap\">\n\t\t\t\t\t\t\t\t\t<\/div>\n\t\t<\/div>\n\t\t\t\t<div class=\"elementor-column elementor-col-33 elementor-top-column elementor-element elementor-element-6f9e0f4\" data-id=\"6f9e0f4\" data-element_type=\"column\">\n\t\t\t<div class=\"elementor-widget-wrap\">\n\t\t\t\t\t\t\t\t\t<\/div>\n\t\t<\/div>\n\t\t\t\t\t\t\t<\/div>\n\t\t<\/section>\n\t\t\t\t<section class=\"elementor-section elementor-top-section elementor-element elementor-element-dac02f0 elementor-section-content-middle elementor-section-boxed elementor-section-height-default elementor-section-height-default\" data-id=\"dac02f0\" data-element_type=\"section\" data-settings=\"{&quot;background_background&quot;:&quot;classic&quot;}\">\n\t\t\t\t\t\t\t<div class=\"elementor-background-overlay\"><\/div>\n\t\t\t\t\t\t\t<div class=\"elementor-container elementor-column-gap-no\">\n\t\t\t\t\t<div class=\"elementor-column elementor-col-50 elementor-top-column elementor-element elementor-element-e0417fc\" data-id=\"e0417fc\" data-element_type=\"column\">\n\t\t\t<div class=\"elementor-widget-wrap elementor-element-populated\">\n\t\t\t\t\t\t\t\t<div class=\"elementor-element elementor-element-cc31416 elementor-widget elementor-widget-heading\" data-id=\"cc31416\" data-element_type=\"widget\" data-widget_type=\"heading.default\">\n\t\t\t\t<div class=\"elementor-widget-container\">\n\t\t\t<h5 class=\"elementor-heading-title elementor-size-default\">LVI-Suunnittelua yli 25 vuotta<\/h5>\t\t<\/div>\n\t\t\t\t<\/div>\n\t\t\t\t<div class=\"elementor-element elementor-element-59f4701 elementor-widget elementor-widget-heading\" data-id=\"59f4701\" data-element_type=\"widget\" data-widget_type=\"heading.default\">\n\t\t\t\t<div class=\"elementor-widget-container\">\n\t\t\t<h1 class=\"elementor-heading-title elementor-size-default\">LVI- Suunnittelu Pekka Aho<\/h1>\t\t<\/div>\n\t\t\t\t<\/div>\n\t\t\t\t<div class=\"elementor-element elementor-element-195b922 elementor-widget-divider--view-line elementor-widget elementor-widget-divider\" data-id=\"195b922\" data-element_type=\"widget\" data-widget_type=\"divider.default\">\n\t\t\t\t<div class=\"elementor-widget-container\">\n\t\t\t\t\t<div class=\"elementor-divider\">\n\t\t\t<span class=\"elementor-divider-separator\">\n\t\t\t\t\t\t<\/span>\n\t\t<\/div>\n\t\t\t\t<\/div>\n\t\t\t\t<\/div>\n\t\t\t\t<div class=\"elementor-element elementor-element-317cbcf elementor-widget elementor-widget-text-editor\" data-id=\"317cbcf\" data-element_type=\"widget\" data-widget_type=\"text-editor.default\">\n\t\t\t\t<div class=\"elementor-widget-container\">\n\t\t\t\t\t\t\t<p>LVI-suunnitelmia asuin-, toimisto-, teollisuus-, julkissektorin- ja liikerakennuksiin.<\/p><p>Asiakkaitani on yritykset, yksityiset ja yhteis\u00f6t.<\/p><p>Annan mielell\u00e4ni tarjouksen teid\u00e4n tai asiakkaittenne rakennuskohteiden LVI-suunnittelusta.<\/p><p>Soita tai laita viesti, neuvotellaan projektistasi.<\/p><p>p. 040 705 7987,\u00a0 pekka.aho@kase.fi<\/p>\t\t\t\t\t\t<\/div>\n\t\t\t\t<\/div>\n\t\t\t\t\t<\/div>\n\t\t<\/div>\n\t\t\t\t<div class=\"elementor-column elementor-col-50 elementor-top-column elementor-element elementor-element-4725bb3\" data-id=\"4725bb3\" data-element_type=\"column\" data-settings=\"{&quot;background_background&quot;:&quot;classic&quot;}\">\n\t\t\t<div class=\"elementor-widget-wrap\">\n\t\t\t\t\t\t\t\t\t<\/div>\n\t\t<\/div>\n\t\t\t\t\t\t\t<\/div>\n\t\t<\/section>\n\t\t\t\t<section class=\"elementor-section elementor-top-section elementor-element elementor-element-742be55a elementor-section-content-middle elementor-section-boxed elementor-section-height-default elementor-section-height-default\" data-id=\"742be55a\" data-element_type=\"section\" data-settings=\"{&quot;background_background&quot;:&quot;classic&quot;}\">\n\t\t\t\t\t\t<div class=\"elementor-container elementor-column-gap-no\">\n\t\t\t\t\t<div class=\"elementor-column elementor-col-100 elementor-top-column elementor-element elementor-element-4538ca52\" data-id=\"4538ca52\" data-element_type=\"column\">\n\t\t\t<div class=\"elementor-widget-wrap elementor-element-populated\">\n\t\t\t\t\t\t\t\t<div class=\"elementor-element elementor-element-1af8982b elementor-widget elementor-widget-heading\" data-id=\"1af8982b\" data-element_type=\"widget\" data-widget_type=\"heading.default\">\n\t\t\t\t<div class=\"elementor-widget-container\">\n\t\t\t<h2 class=\"elementor-heading-title elementor-size-default\">Tietoja <\/h2>\t\t<\/div>\n\t\t\t\t<\/div>\n\t\t\t\t<section class=\"elementor-section elementor-inner-section elementor-element elementor-element-37d4d8b1 elementor-section-content-middle elementor-section-height-min-height elementor-section-boxed elementor-section-height-default\" data-id=\"37d4d8b1\" data-element_type=\"section\">\n\t\t\t\t\t\t<div class=\"elementor-container elementor-column-gap-no\">\n\t\t\t\t\t<div class=\"elementor-column elementor-col-33 elementor-inner-column elementor-element elementor-element-4ffe5d79\" data-id=\"4ffe5d79\" data-element_type=\"column\">\n\t\t\t<div class=\"elementor-widget-wrap elementor-element-populated\">\n\t\t\t\t\t\t\t\t<div class=\"elementor-element elementor-element-27329fc7 elementor-widget elementor-widget-image\" data-id=\"27329fc7\" data-element_type=\"widget\" data-widget_type=\"image.default\">\n\t\t\t\t<div class=\"elementor-widget-container\">\n\t\t\t\t\t\t\t\t\t\t\t\t\t\t\t<img width=\"449\" height=\"529\" src=\"https:\/\/www.lvipekkaaho.fi\/wp-content\/uploads\/2021\/11\/Uponor_taloleikkaus_kayttovedet-_2.jpg\" class=\"attachment-large size-large\" alt=\"\" loading=\"lazy\" srcset=\"https:\/\/www.lvipekkaaho.fi\/wp-content\/uploads\/2021\/11\/Uponor_taloleikkaus_kayttovedet-_2.jpg 449w, https:\/\/www.lvipekkaaho.fi\/wp-content\/uploads\/2021\/11\/Uponor_taloleikkaus_kayttovedet-_2-255x300.jpg 255w\" sizes=\"(max-width: 449px) 100vw, 449px\" \/>\t\t\t\t\t\t\t\t\t\t\t\t\t\t\t<\/div>\n\t\t\t\t<\/div>\n\t\t\t\t\t<\/div>\n\t\t<\/div>\n\t\t\t\t<div class=\"elementor-column elementor-col-66 elementor-inner-column elementor-element elementor-element-23e5419d\" data-id=\"23e5419d\" data-element_type=\"column\">\n\t\t\t<div class=\"elementor-widget-wrap elementor-element-populated\">\n\t\t\t\t\t\t\t\t<div class=\"elementor-element elementor-element-c031bcf elementor-widget elementor-widget-heading\" data-id=\"c031bcf\" data-element_type=\"widget\" data-widget_type=\"heading.default\">\n\t\t\t\t<div class=\"elementor-widget-container\">\n\t\t\t<h5 class=\"elementor-heading-title elementor-size-default\">LVI-suunnittelu pekka aho<\/h5>\t\t<\/div>\n\t\t\t\t<\/div>\n\t\t\t\t<div class=\"elementor-element elementor-element-1ab9101b elementor-widget elementor-widget-heading\" data-id=\"1ab9101b\" data-element_type=\"widget\" data-widget_type=\"heading.default\">\n\t\t\t\t<div class=\"elementor-widget-container\">\n\t\t\t<h5 class=\"elementor-heading-title elementor-size-medium\">\n<\/h5>\t\t<\/div>\n\t\t\t\t<\/div>\n\t\t\t\t<div class=\"elementor-element elementor-element-10ee9486 elementor-widget elementor-widget-text-editor\" data-id=\"10ee9486\" data-element_type=\"widget\" data-widget_type=\"text-editor.default\">\n\t\t\t\t<div class=\"elementor-widget-container\">\n\t\t\t\t\t\t\t<p><strong>LVI-suunnittelutoimisto Veteliss\u00e4 Keski-Pohjanmaalla.<\/strong><\/p><p><strong>LVI-suunnitelmat pienist\u00e4 remonteista alkaen my\u00f6s isompiin projekteihin. <\/strong><\/p><p><strong>Osan isommista kohteista olen tehnyt yhteisty\u00f6n\u00e4 tai jaettuna kumppanisuunnittelutoimistojen kanssa.<\/strong><\/p><p><strong>Tarvittaessa saatte meilt\u00e4 my\u00f6s projektinne urakkasopimus- ja tarjouspyynt\u00f6asiakirjat.<\/strong><\/p><p>________________________________________________________________________________<\/p><pre><strong>LVI-Suunnittelu Pekka Aho<br \/>Palokankaantie 4, 69820 R\u00e4yrinki, Veteli<br \/>p. 040 705 7987<br \/>pekka.aho@kase.fi<br \/>www.lvipekkaaho.fi<br \/>alv rek., Y-tunnus 1403491-4<br \/>Yrityksen kotipaikka Veteli<br \/>Suomen LVI-yhdistyksen j\u00e4sen<\/strong><\/pre>\t\t\t\t\t\t<\/div>\n\t\t\t\t<\/div>\n\t\t\t\t\t<\/div>\n\t\t<\/div>\n\t\t\t\t\t\t\t<\/div>\n\t\t<\/section>\n\t\t\t\t\t<\/div>\n\t\t<\/div>\n\t\t\t\t\t\t\t<\/div>\n\t\t<\/section>\n\t\t\t\t<article class=\"elementor-section elementor-top-section elementor-element elementor-element-ae0db6a elementor-section-boxed elementor-section-height-default elementor-section-height-default\" data-id=\"ae0db6a\" data-element_type=\"section\">\n\t\t\t\t\t\t<div class=\"elementor-container elementor-column-gap-default\">\n\t\t\t\t\t<main class=\"elementor-column elementor-col-50 elementor-top-column elementor-element elementor-element-0b926ca\" data-id=\"0b926ca\" data-element_type=\"column\">\n\t\t\t<div class=\"elementor-widget-wrap elementor-element-populated\">\n\t\t\t\t\t\t\t\t<div class=\"elementor-element elementor-element-f62a3a7 elementor-widget elementor-widget-heading\" data-id=\"f62a3a7\" data-element_type=\"widget\" data-widget_type=\"heading.default\">\n\t\t\t\t<div class=\"elementor-widget-container\">\n\t\t\t<h2 class=\"elementor-heading-title elementor-size-default\">Referenssej\u00e4<\/h2>\t\t<\/div>\n\t\t\t\t<\/div>\n\t\t\t\t\t<\/div>\n\t\t<\/main>\n\t\t\t\t<div class=\"elementor-column elementor-col-50 elementor-top-column elementor-element elementor-element-18c5f57\" data-id=\"18c5f57\" data-element_type=\"column\">\n\t\t\t<div class=\"elementor-widget-wrap\">\n\t\t\t\t\t\t\t\t\t<\/div>\n\t\t<\/div>\n\t\t\t\t\t\t\t<\/div>\n\t\t<\/article>\n\t\t\t\t<section class=\"elementor-section elementor-top-section elementor-element elementor-element-5f2cf1b elementor-section-boxed elementor-section-height-default elementor-section-height-default\" data-id=\"5f2cf1b\" data-element_type=\"section\">\n\t\t\t\t\t\t<div class=\"elementor-container elementor-column-gap-default\">\n\t\t\t\t\t<div class=\"elementor-column elementor-col-100 elementor-top-column elementor-element elementor-element-bb4a76b\" data-id=\"bb4a76b\" data-element_type=\"column\">\n\t\t\t<div class=\"elementor-widget-wrap elementor-element-populated\">\n\t\t\t\t\t\t\t\t<section class=\"elementor-section elementor-inner-section elementor-element elementor-element-40ef7f4 elementor-section-boxed elementor-section-height-default elementor-section-height-default\" data-id=\"40ef7f4\" data-element_type=\"section\">\n\t\t\t\t\t\t<div class=\"elementor-container elementor-column-gap-default\">\n\t\t\t\t\t<div class=\"elementor-column elementor-col-50 elementor-inner-column elementor-element elementor-element-e997da2\" data-id=\"e997da2\" data-element_type=\"column\">\n\t\t\t<div class=\"elementor-widget-wrap elementor-element-populated\">\n\t\t\t\t\t\t\t\t<div class=\"elementor-element elementor-element-345ecad elementor-widget elementor-widget-text-editor\" data-id=\"345ecad\" data-element_type=\"widget\" data-widget_type=\"text-editor.default\">\n\t\t\t\t<div class=\"elementor-widget-container\">\n\t\t\t\t\t\t\t<h5>\u00a0<\/h5><h5>Ly<strong>hyt referenssilista<\/strong><\/h5><p><strong>LVI-suunnittelu t\u00f6it\u00e4ni viime vuosilta, 2018- :<\/strong><\/p><ul><li><strong>Pylk\u00f6nm\u00e4en koulu \/ p\u00e4iv\u00e4koti, Saarij\u00e4rvi<\/strong><strong>\u00a0<\/strong><\/li><li><strong>Kokkolan paloaseman v\u00e4ist\u00f6tilat<\/strong><\/li><li><strong>Pudasj\u00e4rven terveysaseman toimisto- ja vastaanottotilat<\/strong><\/li><li><strong>Rivitaloryhm\u00e4t, Evij\u00e4rvi, Perho, Sein\u00e4joki, Alaj\u00e4rvi (2 kpl)<\/strong><\/li><li><strong>Puolustusvoimien toimistorakennus, Lohtaja<\/strong><\/li><li><strong>Sosiaali- ja toimistorakennus, Inari<\/strong><\/li><li><strong>toimistorakennuksen muutosty\u00f6, Vimpeli<\/strong><\/li><li><strong>kauppatilojen muutosty\u00f6n ilmastointi- ja l\u00e4mp\u00f6pumppusuunnitelmat, Alaj\u00e4rvi<\/strong><\/li><li><strong>palvelukeskuksen v\u00e4ist\u00f6tilat, Rovaniemi<\/strong><\/li><li><strong>Himaharjun Lasten- ja nuortenkoti ja koulu, laajennus, yli 700 m2<\/strong><\/li><li><strong>Luoma-ahon kyl\u00e4talo, sali, laitoskeitti\u00f6 ym. yli 500 m2, Alaj\u00e4rvi<\/strong><\/li><li><strong>toimintakeskuksen majoitusrakennus, 10 as. + kokoontumis- ym. tilat, Jyv\u00e4skyl\u00e4<\/strong><\/li><li><strong>asumiskodin ilmastointi, n. 500 m2, Kortesj\u00e4rvi<\/strong><\/li><li><strong>teollisuushallin ilmastointi, n. 2000 m2, Alaj\u00e4rvi<\/strong><\/li><li><strong>teollisuushallin toimistorakennuksen laajennuksen ilmastointi, n. 500 m2, Alaj\u00e4rvi<\/strong><\/li><li><strong>Rantakyl\u00e4n koulu, Vimpeli (-22)<\/strong><\/li><li><strong>Evij\u00e4rven p\u00e4iv\u00e4koti (-23)<\/strong><\/li><li><strong>teollisuushalli + toimistosiipi, n. 1700 m2, Alaj\u00e4rvi (-23&#8230;-25)<\/strong><\/li><li><strong>Porin Kristillinen koulu (-23, -24)<\/strong><\/li><li><strong>teollisuushallien, (2) n. 2700 m2, l\u00e4mmitysvaihtoehtojen (kaasu, MLP, IVLP) vertailulaskelmat, Alaj\u00e4rvi (-24)<\/strong><\/li><li><strong>teollisuushallin laajennus, n. 1000 m2, Alaj\u00e4rvi (-24)<\/strong><\/li><li><strong>Luoma-ahon kyl\u00e4talon laajennus (-25)<\/strong><\/li><li>\u00a0<\/li><li><strong>omakotitalo erikoisvarustuksin, (altaat, j\u00e4\u00e4hdytykset ym.) yli 500 m2<\/strong><\/li><li><strong>muita omakotitaloja 28 kpl<\/strong><\/li><li>\u00a0<\/li><li><b>useita pienempi\u00e4 suunnitelmia, esim. j\u00e4teveden pienpuhdistamoita, l\u00e4mp\u00f6keskusten LVI-p\u00e4ivityksi\u00e4 ym.<\/b><\/li><li>\u00a0<\/li><li><strong>Lis\u00e4ksi n\u00e4ihin\u00a0 t\u00f6ihin liittyvi\u00e4 valvonta- ja konsultointit\u00f6it\u00e4<\/strong><\/li><\/ul>\t\t\t\t\t\t<\/div>\n\t\t\t\t<\/div>\n\t\t\t\t\t<\/div>\n\t\t<\/div>\n\t\t\t\t<div class=\"elementor-column elementor-col-50 elementor-inner-column elementor-element elementor-element-b5eb143\" data-id=\"b5eb143\" data-element_type=\"column\">\n\t\t\t<div class=\"elementor-widget-wrap elementor-element-populated\">\n\t\t\t\t\t\t\t\t<div class=\"elementor-element elementor-element-d6e62e8 elementor-widget elementor-widget-image\" data-id=\"d6e62e8\" data-element_type=\"widget\" data-widget_type=\"image.default\">\n\t\t\t\t<div class=\"elementor-widget-container\">\n\t\t\t\t\t\t\t\t\t\t\t\t\t\t\t<img width=\"206\" height=\"385\" src=\"https:\/\/www.lvipekkaaho.fi\/wp-content\/uploads\/2021\/11\/istockphoto_oktpohjaa_kapea.jpg\" class=\"attachment-full size-full\" alt=\"\" loading=\"lazy\" srcset=\"https:\/\/www.lvipekkaaho.fi\/wp-content\/uploads\/2021\/11\/istockphoto_oktpohjaa_kapea.jpg 206w, https:\/\/www.lvipekkaaho.fi\/wp-content\/uploads\/2021\/11\/istockphoto_oktpohjaa_kapea-161x300.jpg 161w\" sizes=\"(max-width: 206px) 100vw, 206px\" \/>\t\t\t\t\t\t\t\t\t\t\t\t\t\t\t<\/div>\n\t\t\t\t<\/div>\n\t\t\t\t\t<\/div>\n\t\t<\/div>\n\t\t\t\t\t\t\t<\/div>\n\t\t<\/section>\n\t\t\t\t\t<\/div>\n\t\t<\/div>\n\t\t\t\t\t\t\t<\/div>\n\t\t<\/section>\n\t\t\t\t<section class=\"elementor-section elementor-top-section elementor-element elementor-element-237bd41 elementor-section-boxed elementor-section-height-default elementor-section-height-default\" data-id=\"237bd41\" data-element_type=\"section\">\n\t\t\t\t\t\t<div class=\"elementor-container elementor-column-gap-default\">\n\t\t\t\t\t<div class=\"elementor-column elementor-col-100 elementor-top-column elementor-element elementor-element-9aa8f7b\" data-id=\"9aa8f7b\" data-element_type=\"column\">\n\t\t\t<div class=\"elementor-widget-wrap\">\n\t\t\t\t\t\t\t\t\t<\/div>\n\t\t<\/div>\n\t\t\t\t\t\t\t<\/div>\n\t\t<\/section>\n\t\t\t\t<section class=\"elementor-section elementor-top-section elementor-element elementor-element-cdcbaea elementor-section-boxed elementor-section-height-default elementor-section-height-default\" data-id=\"cdcbaea\" data-element_type=\"section\">\n\t\t\t\t\t\t<div class=\"elementor-container elementor-column-gap-default\">\n\t\t\t\t\t<div class=\"elementor-column elementor-col-100 elementor-top-column elementor-element elementor-element-e7e5b86\" data-id=\"e7e5b86\" data-element_type=\"column\">\n\t\t\t<div class=\"elementor-widget-wrap elementor-element-populated\">\n\t\t\t\t\t\t\t\t<div class=\"elementor-element elementor-element-c585ca6 elementor-widget elementor-widget-spacer\" data-id=\"c585ca6\" data-element_type=\"widget\" data-widget_type=\"spacer.default\">\n\t\t\t\t<div class=\"elementor-widget-container\">\n\t\t\t\t\t<div class=\"elementor-spacer\">\n\t\t\t<div class=\"elementor-spacer-inner\"><\/div>\n\t\t<\/div>\n\t\t\t\t<\/div>\n\t\t\t\t<\/div>\n\t\t\t\t\t<\/div>\n\t\t<\/div>\n\t\t\t\t\t\t\t<\/div>\n\t\t<\/section>\n\t\t\t\t<section class=\"elementor-section elementor-top-section elementor-element elementor-element-a2acfe4 elementor-section-boxed elementor-section-height-default elementor-section-height-default\" data-id=\"a2acfe4\" data-element_type=\"section\">\n\t\t\t\t\t\t<div class=\"elementor-container elementor-column-gap-default\">\n\t\t\t\t\t<div class=\"elementor-column elementor-col-50 elementor-top-column elementor-element elementor-element-1efb192\" data-id=\"1efb192\" data-element_type=\"column\">\n\t\t\t<div class=\"elementor-widget-wrap\">\n\t\t\t\t\t\t\t\t\t<\/div>\n\t\t<\/div>\n\t\t\t\t<div class=\"elementor-column elementor-col-50 elementor-top-column elementor-element elementor-element-fcaab88\" data-id=\"fcaab88\" data-element_type=\"column\">\n\t\t\t<div class=\"elementor-widget-wrap\">\n\t\t\t\t\t\t\t\t\t<\/div>\n\t\t<\/div>\n\t\t\t\t\t\t\t<\/div>\n\t\t<\/section>\n\t\t\t\t<section class=\"elementor-section elementor-top-section elementor-element elementor-element-3d41a3b elementor-section-boxed elementor-section-height-default elementor-section-height-default\" data-id=\"3d41a3b\" data-element_type=\"section\">\n\t\t\t\t\t\t<div class=\"elementor-container elementor-column-gap-default\">\n\t\t\t\t\t<div class=\"elementor-column elementor-col-50 elementor-top-column elementor-element elementor-element-dd4ccc3\" data-id=\"dd4ccc3\" data-element_type=\"column\">\n\t\t\t<div class=\"elementor-widget-wrap\">\n\t\t\t\t\t\t\t\t\t<\/div>\n\t\t<\/div>\n\t\t\t\t<div class=\"elementor-column elementor-col-50 elementor-top-column elementor-element elementor-element-556aef6\" data-id=\"556aef6\" data-element_type=\"column\">\n\t\t\t<div class=\"elementor-widget-wrap elementor-element-populated\">\n\t\t\t\t\t\t\t\t<div class=\"elementor-element elementor-element-c94ef1d elementor-widget elementor-widget-heading\" data-id=\"c94ef1d\" data-element_type=\"widget\" data-widget_type=\"heading.default\">\n\t\t\t\t<div class=\"elementor-widget-container\">\n\t\t\t<h2 class=\"elementor-heading-title elementor-size-default\">Yhteystiedot<\/h2>\t\t<\/div>\n\t\t\t\t<\/div>\n\t\t\t\t\t<\/div>\n\t\t<\/div>\n\t\t\t\t\t\t\t<\/div>\n\t\t<\/section>\n\t\t\t\t<section class=\"elementor-section elementor-top-section elementor-element elementor-element-72302a8 elementor-section-boxed elementor-section-height-default elementor-section-height-default\" data-id=\"72302a8\" data-element_type=\"section\">\n\t\t\t\t\t\t<div class=\"elementor-container elementor-column-gap-default\">\n\t\t\t\t\t<div class=\"elementor-column elementor-col-50 elementor-top-column elementor-element elementor-element-fb78a68\" data-id=\"fb78a68\" data-element_type=\"column\">\n\t\t\t<div class=\"elementor-widget-wrap elementor-element-populated\">\n\t\t\t\t\t\t\t\t<div class=\"elementor-element elementor-element-7e182ba elementor-widget elementor-widget-google_maps\" data-id=\"7e182ba\" data-element_type=\"widget\" data-widget_type=\"google_maps.default\">\n\t\t\t\t<div class=\"elementor-widget-container\">\n\t\t\t\t\t<div class=\"elementor-custom-embed\">\n\t\t\t<iframe frameborder=\"0\" scrolling=\"no\" marginheight=\"0\" marginwidth=\"0\"\n\t\t\t\t\tsrc=\"https:\/\/maps.google.com\/maps?q=Palokankaantie%204%2C%2069820%20R%C3%A4yrinki&#038;t=m&#038;z=10&#038;output=embed&#038;iwloc=near\"\n\t\t\t\t\ttitle=\"Palokankaantie 4, 69820 R\u00e4yrinki\"\n\t\t\t\t\taria-label=\"Palokankaantie 4, 69820 R\u00e4yrinki\"\n\t\t\t><\/iframe>\n\t\t<\/div>\n\t\t\t\t<\/div>\n\t\t\t\t<\/div>\n\t\t\t\t\t<\/div>\n\t\t<\/div>\n\t\t\t\t<div class=\"elementor-column elementor-col-50 elementor-top-column elementor-element elementor-element-2506f35\" data-id=\"2506f35\" data-element_type=\"column\">\n\t\t\t<div class=\"elementor-widget-wrap elementor-element-populated\">\n\t\t\t\t\t\t\t\t<div class=\"elementor-element elementor-element-b6a1354 elementor-widget elementor-widget-text-editor\" data-id=\"b6a1354\" data-element_type=\"widget\" data-widget_type=\"text-editor.default\">\n\t\t\t\t<div class=\"elementor-widget-container\">\n\t\t\t\t\t\t\t<p><b>\u00a0 \u00a0 \u00a0 \u00a0 \u00a0 <\/b><\/p><p><b>LVI-Suunnittelu Pekka Aho<\/b><\/p><p>Palokankaantie 4, 69820 R\u00e4yrinki<\/p><p>p. 040 705 7987<\/p><p>pekka.aho@kase.fi<\/p>\t\t\t\t\t\t<\/div>\n\t\t\t\t<\/div>\n\t\t\t\t\t<\/div>\n\t\t<\/div>\n\t\t\t\t\t\t\t<\/div>\n\t\t<\/section>\n\t\t\t\t\t\t<\/div>\n\t\t\t\t\t<\/div>\n\t\t","protected":false},"excerpt":{"rendered":"<p>LVI-Suunnittelua yli 25 vuotta LVI- Suunnittelu Pekka Aho LVI-suunnitelmia asuin-, toimisto-, teollisuus-, julkissektorin- ja liikerakennuksiin. Asiakkaitani on yritykset, yksityiset ja yhteis\u00f6t. Annan mielell\u00e4ni tarjouksen teid\u00e4n tai asiakkaittenne rakennuskohteiden LVI-suunnittelusta. Soita tai laita viesti, neuvotellaan projektistasi. p. 040 705 7987,\u00a0 pekka.aho@kase.fi Tietoja LVI-suunnittelu pekka aho LVI-suunnittelutoimisto Veteliss\u00e4 Keski-Pohjanmaalla. LVI-suunnitelmat pienist\u00e4 remonteista alkaen my\u00f6s isompiin projekteihin. Osan &hellip;<\/p>\n<p class=\"read-more\"> <a class=\"\" href=\"https:\/\/www.lvipekkaaho.fi\/\"> <span class=\"screen-reader-text\">Home<\/span> Lue lis\u00e4\u00e4 \u00bb<\/a><\/p>\n","protected":false},"author":1,"featured_media":0,"parent":0,"menu_order":0,"comment_status":"closed","ping_status":"closed","template":"","meta":{"site-sidebar-layout":"default","site-content-layout":"page-builder","ast-main-header-display":"","ast-hfb-above-header-display":"","ast-hfb-below-header-display":"","ast-hfb-mobile-header-display":"","site-post-title":"disabled","ast-breadcrumbs-content":"","ast-featured-img":"disabled","footer-sml-layout":"","theme-transparent-header-meta":"enabled","adv-header-id-meta":"","stick-header-meta":"","header-above-stick-meta":"","header-main-stick-meta":"","header-below-stick-meta":""},"_links":{"self":[{"href":"https:\/\/www.lvipekkaaho.fi\/index.php\/wp-json\/wp\/v2\/pages\/6"}],"collection":[{"href":"https:\/\/www.lvipekkaaho.fi\/index.php\/wp-json\/wp\/v2\/pages"}],"about":[{"href":"https:\/\/www.lvipekkaaho.fi\/index.php\/wp-json\/wp\/v2\/types\/page"}],"author":[{"embeddable":true,"href":"https:\/\/www.lvipekkaaho.fi\/index.php\/wp-json\/wp\/v2\/users\/1"}],"replies":[{"embeddable":true,"href":"https:\/\/www.lvipekkaaho.fi\/index.php\/wp-json\/wp\/v2\/comments?post=6"}],"version-history":[{"count":175,"href":"https:\/\/www.lvipekkaaho.fi\/index.php\/wp-json\/wp\/v2\/pages\/6\/revisions"}],"predecessor-version":[{"id":667,"href":"https:\/\/www.lvipekkaaho.fi\/index.php\/wp-json\/wp\/v2\/pages\/6\/revisions\/667"}],"wp:attachment":[{"href":"https:\/\/www.lvipekkaaho.fi\/index.php\/wp-json\/wp\/v2\/media?parent=6"}],"curies":[{"name":"wp","href":"https:\/\/api.w.org\/{rel}","templated":true}]}}