{"id":49,"date":"2021-10-26T12:15:46","date_gmt":"2021-10-26T12:15:46","guid":{"rendered":"https:\/\/www.lvipekkaaho.fi\/?page_id=49"},"modified":"2021-10-26T12:15:46","modified_gmt":"2021-10-26T12:15:46","slug":"tietoja","status":"publish","type":"page","link":"https:\/\/www.lvipekkaaho.fi\/index.php\/tietoja\/","title":{"rendered":"Tietoja"},"content":{"rendered":"\n<p>Saatat olla taitelija, joka haluaisi esitell\u00e4 itsens\u00e4 ja t\u00f6it\u00e4ns\u00e4 t\u00e4\u00e4ll\u00e4. Tai ehk\u00e4 sinulla on kuvailua kaipaava yritys.<\/p>\n","protected":false},"excerpt":{"rendered":"<p>Saatat olla taitelija, joka haluaisi esitell\u00e4 itsens\u00e4 ja t\u00f6it\u00e4ns\u00e4 t\u00e4\u00e4ll\u00e4. Tai ehk\u00e4 sinulla on kuvailua kaipaava yritys.<\/p>\n","protected":false},"author":1,"featured_media":0,"parent":0,"menu_order":0,"comment_status":"closed","ping_status":"closed","template":"","meta":{"site-sidebar-layout":"","site-content-layout":"","ast-main-header-display":"","ast-hfb-above-header-display":"","ast-hfb-below-header-display":"","ast-hfb-mobile-header-display":"","site-post-title":"","ast-breadcrumbs-content":"","ast-featured-img":"","footer-sml-layout":"","theme-transparent-header-meta":"","adv-header-id-meta":"","stick-header-meta":"","header-above-stick-meta":"","header-main-stick-meta":"","header-below-stick-meta":""},"_links":{"self":[{"href":"https:\/\/www.lvipekkaaho.fi\/index.php\/wp-json\/wp\/v2\/pages\/49"}],"collection":[{"href":"https:\/\/www.lvipekkaaho.fi\/index.php\/wp-json\/wp\/v2\/pages"}],"about":[{"href":"https:\/\/www.lvipekkaaho.fi\/index.php\/wp-json\/wp\/v2\/types\/page"}],"author":[{"embeddable":true,"href":"https:\/\/www.lvipekkaaho.fi\/index.php\/wp-json\/wp\/v2\/users\/1"}],"replies":[{"embeddable":true,"href":"https:\/\/www.lvipekkaaho.fi\/index.php\/wp-json\/wp\/v2\/comments?post=49"}],"version-history":[{"count":1,"href":"https:\/\/www.lvipekkaaho.fi\/index.php\/wp-json\/wp\/v2\/pages\/49\/revisions"}],"predecessor-version":[{"id":54,"href":"https:\/\/www.lvipekkaaho.fi\/index.php\/wp-json\/wp\/v2\/pages\/49\/revisions\/54"}],"wp:attachment":[{"href":"https:\/\/www.lvipekkaaho.fi\/index.php\/wp-json\/wp\/v2\/media?parent=49"}],"curies":[{"name":"wp","href":"https:\/\/api.w.org\/{rel}","templated":true}]}}